{"id":2,"date":"2023-01-18T15:36:47","date_gmt":"2023-01-18T15:36:47","guid":{"rendered":"https:\/\/janstroomer.nl\/uprightpianos\/?page_id=2"},"modified":"2025-06-03T13:13:37","modified_gmt":"2025-06-03T13:13:37","slug":"sample-page","status":"publish","type":"page","link":"https:\/\/janstroomer.nl\/uprightpianos\/","title":{"rendered":"Upright Piano&#8217;s"},"content":{"rendered":"\n<p><\/p>\n\n\n\n<p class=\"has-text-align-center has-vivid-cyan-blue-background-color has-background has-x-large-font-size\"><strong>Upright Piano&#8217;s<\/strong><\/p>\n\n\n\n<p><strong>Upright Piano\u2019s<\/strong> tovert elke plek om tot een knotsgekke pianobar. Verzoekjes, medleys en meezingers, dat zijn de <em>key<\/em> ingredi\u00ebnten. En door gastoptredens, interactie met het publiek en vele andere muzikale verrassingen is iedere show weer volledig uniek.<\/p>\n\n\n\n<p>Al meer dan tien jaar is <strong>Upright Piano\u2019s<\/strong> actief als reizende pianobar. Ze staan garant voor muzikaal entertainment en een interactieve show. Het energieke ensemble is opgericht door de bekende en veelzijdige Leidse muzikanten Jan Stroomer en Guido Marchena. Ze spelen vele herkenbare hits, medleys en meezingers. En door de inbreng van verzoekjes is er altijd aansluiting bij ieder publiek.<\/p>\n\n\n\n<figure class=\"wp-block-embed is-type-video is-provider-youtube wp-block-embed-youtube wp-embed-aspect-16-9 wp-has-aspect-ratio\"><div class=\"wp-block-embed__wrapper\">\n<iframe loading=\"lazy\" title=\"Upright Piano&#039;s XL\" width=\"970\" height=\"546\" src=\"https:\/\/www.youtube.com\/embed\/-SLCmhOoPi8?feature=oembed\" frameborder=\"0\" allow=\"accelerometer; autoplay; clipboard-write; encrypted-media; gyroscope; picture-in-picture; web-share\" referrerpolicy=\"strict-origin-when-cross-origin\" allowfullscreen><\/iframe>\n<\/div><\/figure>\n\n\n\n<p>Bij Upright Piano&#8217;s XL doet de band er nog een spectaculair schepje bovenop. Dan nodigen ze hun muzikale vrienden uit, die allemaal een indrukwekkend potje mee komen spelen en zingen. Verwacht de cr\u00e8me de la cr\u00e8me van de muziekscene en een sfeer \u00e1 la \u201cVrienden van\u2026\u201d en dat allemaal natuurlijk helemaal LIVE.<br><\/p>\n\n\n\n<figure class=\"wp-block-image size-large\"><img loading=\"lazy\" decoding=\"async\" width=\"1024\" height=\"683\" src=\"https:\/\/janstroomer.nl\/uprightpianos\/wp-content\/uploads\/2025\/01\/UprightPianos_XL-1024x683.jpg\" alt=\"\" class=\"wp-image-65\" srcset=\"https:\/\/janstroomer.nl\/uprightpianos\/wp-content\/uploads\/2025\/01\/UprightPianos_XL-1024x683.jpg 1024w, https:\/\/janstroomer.nl\/uprightpianos\/wp-content\/uploads\/2025\/01\/UprightPianos_XL-300x200.jpg 300w, https:\/\/janstroomer.nl\/uprightpianos\/wp-content\/uploads\/2025\/01\/UprightPianos_XL-768x512.jpg 768w, https:\/\/janstroomer.nl\/uprightpianos\/wp-content\/uploads\/2025\/01\/UprightPianos_XL-1536x1024.jpg 1536w, https:\/\/janstroomer.nl\/uprightpianos\/wp-content\/uploads\/2025\/01\/UprightPianos_XL-2048x1365.jpg 2048w\" sizes=\"auto, (max-width: 1024px) 100vw, 1024px\" \/><\/figure>\n\n\n\n<p><\/p>\n","protected":false},"excerpt":{"rendered":"<p>Upright Piano&#8217;s Upright Piano\u2019s tovert elke plek om tot een knotsgekke pianobar. Verzoekjes, medleys en meezingers, dat zijn de key ingredi\u00ebnten. En door gastoptredens, interactie met het publiek en vele andere muzikale verrassingen is iedere show weer volledig uniek. Al meer dan tien jaar is Upright Piano\u2019s actief als reizende pianobar. Ze staan garant voor [&hellip;]<\/p>\n","protected":false},"author":1,"featured_media":0,"parent":0,"menu_order":0,"comment_status":"closed","ping_status":"closed","template":"","meta":{"footnotes":""},"class_list":["post-2","page","type-page","status-publish","hentry"],"_links":{"self":[{"href":"https:\/\/janstroomer.nl\/uprightpianos\/index.php\/wp-json\/wp\/v2\/pages\/2","targetHints":{"allow":["GET"]}}],"collection":[{"href":"https:\/\/janstroomer.nl\/uprightpianos\/index.php\/wp-json\/wp\/v2\/pages"}],"about":[{"href":"https:\/\/janstroomer.nl\/uprightpianos\/index.php\/wp-json\/wp\/v2\/types\/page"}],"author":[{"embeddable":true,"href":"https:\/\/janstroomer.nl\/uprightpianos\/index.php\/wp-json\/wp\/v2\/users\/1"}],"replies":[{"embeddable":true,"href":"https:\/\/janstroomer.nl\/uprightpianos\/index.php\/wp-json\/wp\/v2\/comments?post=2"}],"version-history":[{"count":21,"href":"https:\/\/janstroomer.nl\/uprightpianos\/index.php\/wp-json\/wp\/v2\/pages\/2\/revisions"}],"predecessor-version":[{"id":98,"href":"https:\/\/janstroomer.nl\/uprightpianos\/index.php\/wp-json\/wp\/v2\/pages\/2\/revisions\/98"}],"wp:attachment":[{"href":"https:\/\/janstroomer.nl\/uprightpianos\/index.php\/wp-json\/wp\/v2\/media?parent=2"}],"curies":[{"name":"wp","href":"https:\/\/api.w.org\/{rel}","templated":true}]}}